{"id":27,"date":"2025-04-13T18:03:02","date_gmt":"2025-04-13T16:03:02","guid":{"rendered":"https:\/\/hiidenvarikko.fi\/?page_id=27"},"modified":"2025-07-24T09:48:59","modified_gmt":"2025-07-24T07:48:59","slug":"liity-jaseneksi","status":"publish","type":"page","link":"https:\/\/hiidenvarikko.fi\/?page_id=27","title":{"rendered":"Hae j\u00e4seneksi"},"content":{"rendered":"\n<div class=\"wp-block-group has-global-padding is-layout-constrained wp-block-group-is-layout-constrained\">\n<p class=\"has-text-align-left is-style-text-subtitle has-large-font-size is-style-text-subtitle--1\"><\/p>\n<\/div>\n\n\n\n<div class=\"wp-block-cover\"><span aria-hidden=\"true\" class=\"wp-block-cover__background has-accent-1-background-color has-background-dim-100 has-background-dim\"><\/span><div class=\"wp-block-cover__inner-container is-layout-flow wp-block-cover-is-layout-flow\">\n<div class=\"wp-block-group has-global-padding is-layout-constrained wp-block-group-is-layout-constrained\">\n<div class=\"wp-block-columns is-layout-flex wp-container-core-columns-is-layout-28f84493 wp-block-columns-is-layout-flex\">\n<div class=\"wp-block-column is-layout-flow wp-block-column-is-layout-flow\" style=\"flex-basis:66.66%\">\n<p class=\"has-text-align-left\" style=\"border-style:none;border-width:0px\">Hiidenvarikko toivottaa kaikki j\u00e4senet tervetulleeksi joukkoonsa!<\/p>\n\n\n\n<p class=\"has-text-align-left\">Olet sitten Hiidenveden maakuntakomppanin nykyinen tai entinen j\u00e4sen, tahdot kannatusj\u00e4seneksi tai haluat yritystoimintasi kautta osallistua maanpuolutustoiminnan tukemiseen, t\u00e4lt\u00e4 sivulta l\u00f6yd\u00e4t siihen lis\u00e4tietoa.<\/p>\n<\/div>\n\n\n\n<div class=\"wp-block-column is-layout-flow wp-block-column-is-layout-flow\" style=\"padding-top:0;padding-bottom:0;flex-basis:40%\">\n<figure class=\"wp-block-image size-medium has-custom-border\"><img loading=\"lazy\" decoding=\"async\" width=\"300\" height=\"300\" src=\"https:\/\/hiidenvarikko.fi\/wp-content\/uploads\/2025\/04\/cropped-hiidenvarikko-300x300.png\" alt=\"\" class=\"wp-image-112\" style=\"border-style:none;border-width:0px\" srcset=\"https:\/\/hiidenvarikko.fi\/wp-content\/uploads\/2025\/04\/cropped-hiidenvarikko-300x300.png 300w, https:\/\/hiidenvarikko.fi\/wp-content\/uploads\/2025\/04\/cropped-hiidenvarikko-150x150.png 150w, https:\/\/hiidenvarikko.fi\/wp-content\/uploads\/2025\/04\/cropped-hiidenvarikko-270x270.png 270w, https:\/\/hiidenvarikko.fi\/wp-content\/uploads\/2025\/04\/cropped-hiidenvarikko-192x192.png 192w, https:\/\/hiidenvarikko.fi\/wp-content\/uploads\/2025\/04\/cropped-hiidenvarikko-180x180.png 180w, https:\/\/hiidenvarikko.fi\/wp-content\/uploads\/2025\/04\/cropped-hiidenvarikko-32x32.png 32w, https:\/\/hiidenvarikko.fi\/wp-content\/uploads\/2025\/04\/cropped-hiidenvarikko.png 512w\" sizes=\"auto, (max-width: 300px) 100vw, 300px\" \/><\/figure>\n<\/div>\n<\/div>\n<\/div>\n<\/div><\/div>\n\n\n\n<details class=\"wp-block-details is-layout-flow wp-block-details-is-layout-flow\"><summary>Hiidenveden maakuntakomppanian j\u00e4senet<\/summary>\n<p>Jos olet Hiidenveden maakuntakomppanian j\u00e4sen tai olet joskus ollut sellainen, p\u00e4\u00e4set hakemaan j\u00e4seneksi alla olevan linkin takaa l\u00f6ytyv\u00e4ll\u00e4 lomakkeella. J\u00e4senmaksu on 25 \u20ac\/vuosi ja samalla voit ostaa Hiidmaakk-patchin (15 \u20ac\/kpl).<\/p>\n\n\n\n<p><\/p>\n\n\n\n<div class=\"wp-block-group is-vertical is-content-justification-center is-layout-flex wp-container-core-group-is-layout-fd782419 wp-block-group-is-layout-flex\" style=\"min-height:0px;margin-top:0;margin-bottom:0\">\n<div class=\"wp-block-buttons is-content-justification-center is-layout-flex wp-container-core-buttons-is-layout-23a043ba wp-block-buttons-is-layout-flex\">\n<div class=\"wp-block-button has-custom-width wp-block-button__width-100\"><a class=\"wp-block-button__link has-contrast-color has-text-color has-background has-link-color has-border-color has-text-align-center wp-element-button\" href=\"https:\/\/forms.gle\/1sNE1WDWWtKFcEn56\" style=\"border-color:#786d0a;background-color:#786d0a\">Hae j\u00e4seneksi t\u00e4st\u00e4!<\/a><\/div>\n<\/div>\n<\/div>\n\n\n\n<p><\/p>\n<\/details>\n\n\n\n<details class=\"wp-block-details is-layout-flow wp-block-details-is-layout-flow\"><summary>Kannatusj\u00e4senet<\/summary>\n<p>Jos haluat tukea toimintaamme, mutta et ole Hiidenveden maakuntakomppanian j\u00e4sen, voi hakea kannatusj\u00e4seneksi alla olevan linkin takaa l\u00f6ytyv\u00e4ll\u00e4 lomakkeella. Kannatusj\u00e4senmaksu on 20 \u20ac\/vuosi. Voit samalla ostaa Hiidmaakk-kannatusj\u00e4senpatchin itsellesi 10 % alennuksella.<\/p>\n\n\n\n<p><\/p>\n\n\n\n<div class=\"wp-block-group is-vertical is-content-justification-center is-layout-flex wp-container-core-group-is-layout-fd782419 wp-block-group-is-layout-flex\" style=\"min-height:0px;margin-top:0;margin-bottom:0\">\n<div class=\"wp-block-buttons is-content-justification-center is-layout-flex wp-container-core-buttons-is-layout-23a043ba wp-block-buttons-is-layout-flex\">\n<div class=\"wp-block-button has-custom-width wp-block-button__width-100\"><a class=\"wp-block-button__link has-contrast-color has-text-color has-background has-link-color has-border-color has-text-align-center wp-element-button\" href=\"https:\/\/forms.gle\/hLRa8XKP75Faa84Y6\" style=\"border-color:#786d0a;background-color:#786d0a\">Hae kannatusj\u00e4seneksi t\u00e4st\u00e4!<\/a><\/div>\n<\/div>\n<\/div>\n\n\n\n<p><\/p>\n<\/details>\n\n\n\n<details class=\"wp-block-details is-layout-flow wp-block-details-is-layout-flow\"><summary>Yritysj\u00e4senet<\/summary>\n<p>Yrityksetkin voivat osallistua maanpuolutustoiminnan tukemiseen ja avustaa Hiidenvarikon kautta esimerkiksi reservil\u00e4isten taitojen kehitt\u00e4misess\u00e4 ja varustehankinnoissa.<\/p>\n\n\n\n<p>Yritykset voivat valita itselleen sopivan sotilasarvon eli kannatustason. Mit\u00e4 hienomman summan ja pitk\u00e4j\u00e4nteisemm\u00e4n suorituksen yritys antaa tuen muodossa, sit\u00e4 korkeamman sotilasarvon Hiidenvarikon hallitus my\u00f6nt\u00e4\u00e4 sein\u00e4lle kehystett\u00e4v\u00e4\u00e4n kunniakirjaan. Kiitokseksi tuesta yritys saa n\u00e4kyvyytt\u00e4 my\u00f6s Hiidenvarikon sosiaalisissa kanavissa. Yritysten kannatusj\u00e4senmaksut ovat 100 \u20ac, 500 \u20ac tai 1500 \u20ac vuodessa.<\/p>\n\n\n\n<p><\/p>\n\n\n\n<div class=\"wp-block-group is-vertical is-content-justification-center is-layout-flex wp-container-core-group-is-layout-fd782419 wp-block-group-is-layout-flex\" style=\"min-height:0px;margin-top:0;margin-bottom:0\">\n<div class=\"wp-block-buttons is-content-justification-center is-layout-flex wp-container-core-buttons-is-layout-23a043ba wp-block-buttons-is-layout-flex\">\n<div class=\"wp-block-button has-custom-width wp-block-button__width-100\"><a class=\"wp-block-button__link has-contrast-color has-text-color has-background has-link-color has-border-color has-text-align-center wp-element-button\" href=\"https:\/\/forms.gle\/iLX9LaaoW7DixPLR7\" style=\"border-color:#786d0a;background-color:#786d0a\">Hae yritysj\u00e4seneksi t\u00e4st\u00e4!<\/a><\/div>\n<\/div>\n<\/div>\n\n\n\n<p>Yritysj\u00e4senyyden kannatustaso, ja samalla tukevan yrityksen sotilasarvo, m\u00e4\u00e4r\u00e4ytyy j\u00e4senyyden aikana maksettujen j\u00e4senyysmaksujen summan mukaan alla olevan taulukon mukaisesti.<\/p>\n\n\n\n<div class=\"wp-block-columns is-layout-flex wp-container-core-columns-is-layout-28f84493 wp-block-columns-is-layout-flex\">\n<div class=\"wp-block-column is-layout-flow wp-block-column-is-layout-flow\" style=\"flex-basis:100%\">\n<div class=\"wp-block-group has-global-padding is-layout-constrained wp-block-group-is-layout-constrained\">\n<figure class=\"wp-block-table has-small-font-size\"><table class=\"has-fixed-layout\"><tbody><tr><td>1. vuosi<\/td><td>2. vuosi<\/td><td>3. vuosi<\/td><td>4. vuosi<\/td><\/tr><tr><td>100 \u20ac korpraali<\/td><td>200  \u20ac alikersantti<\/td><td>300 \u20ac kersantti<\/td><td>400 \u20ac ylikersantti<\/td><\/tr><tr><td>500 \u20ac v\u00e4\u00e4peli<\/td><td>1000 \u20ac yliv\u00e4\u00e4peli<\/td><td>1500 \u20ac sotilasmestari<\/td><td>2000 \u20ac v\u00e4nrikki<\/td><\/tr><tr><td>1500 luutnantti<\/td><td>3000 \u20ac yliluutnantti<\/td><td>4500 \u20ac kapteeni<\/td><td>6000 \u20ac majuri<\/td><\/tr><\/tbody><\/table><\/figure>\n<\/div>\n<\/div>\n<\/div>\n<\/details>\n\n\n\n<hr class=\"wp-block-separator has-alpha-channel-opacity\"\/>\n\n\n\n<p>Tuellasi avustat maakuntakomppanian reservil\u00e4istaitojen yll\u00e4pitoa. Tuki ohjataan vapaaehtoiseen maanpuolustustoimintaan sek\u00e4 maakuntajoukon toiminnan tukemiseen.<\/p>\n\n\n\n<p><\/p>\n","protected":false},"excerpt":{"rendered":"<p>Tuellasi avustat maakuntakomppanian reservil\u00e4istaitojen yll\u00e4pitoa. Tuki ohjataan vapaaehtoiseen maanpuolustustoimintaan sek\u00e4 maakuntajoukon toiminnan tukemiseen.<\/p>\n","protected":false},"author":1,"featured_media":0,"parent":0,"menu_order":0,"comment_status":"closed","ping_status":"closed","template":"","meta":{"footnotes":""},"class_list":["post-27","page","type-page","status-publish","hentry"],"_links":{"self":[{"href":"https:\/\/hiidenvarikko.fi\/index.php?rest_route=\/wp\/v2\/pages\/27","targetHints":{"allow":["GET"]}}],"collection":[{"href":"https:\/\/hiidenvarikko.fi\/index.php?rest_route=\/wp\/v2\/pages"}],"about":[{"href":"https:\/\/hiidenvarikko.fi\/index.php?rest_route=\/wp\/v2\/types\/page"}],"author":[{"embeddable":true,"href":"https:\/\/hiidenvarikko.fi\/index.php?rest_route=\/wp\/v2\/users\/1"}],"replies":[{"embeddable":true,"href":"https:\/\/hiidenvarikko.fi\/index.php?rest_route=%2Fwp%2Fv2%2Fcomments&post=27"}],"version-history":[{"count":28,"href":"https:\/\/hiidenvarikko.fi\/index.php?rest_route=\/wp\/v2\/pages\/27\/revisions"}],"predecessor-version":[{"id":229,"href":"https:\/\/hiidenvarikko.fi\/index.php?rest_route=\/wp\/v2\/pages\/27\/revisions\/229"}],"wp:attachment":[{"href":"https:\/\/hiidenvarikko.fi\/index.php?rest_route=%2Fwp%2Fv2%2Fmedia&parent=27"}],"curies":[{"name":"wp","href":"https:\/\/api.w.org\/{rel}","templated":true}]}}